{"id":2,"date":"2025-12-30T16:59:19","date_gmt":"2025-12-30T16:59:19","guid":{"rendered":"https:\/\/marporlospelos.rkinformatika.online\/?page_id=2"},"modified":"2026-01-08T08:51:27","modified_gmt":"2026-01-08T08:51:27","slug":"inicio","status":"publish","type":"page","link":"https:\/\/marporlospelos.com\/en\/","title":{"rendered":"Home"},"content":{"rendered":"<div data-elementor-type=\"wp-page\" data-elementor-id=\"2\" class=\"elementor elementor-2\" data-elementor-post-type=\"page\">\n\t\t\t\t<div class=\"elementor-element elementor-element-789280b e-flex e-con-boxed elementor-invisible e-con e-parent\" data-id=\"789280b\" data-element_type=\"container\" data-e-type=\"container\" data-settings=\"{&quot;background_background&quot;:&quot;classic&quot;,&quot;animation&quot;:&quot;fadeInDown&quot;}\">\n\t\t\t\t\t<div class=\"e-con-inner\">\n\t\t<div class=\"elementor-element elementor-element-a073d7e e-con-full e-flex e-con e-child\" data-id=\"a073d7e\" data-element_type=\"container\" data-e-type=\"container\">\n\t\t\t\t<div class=\"elementor-element elementor-element-4b94254 elementor-widget__width-initial elementor-widget elementor-widget-heading\" data-id=\"4b94254\" data-element_type=\"widget\" data-e-type=\"widget\" data-widget_type=\"heading.default\">\n\t\t\t\t\t<h2 class=\"elementor-heading-title elementor-size-default\">WELCOME TO<\/h2>\t\t\t\t<\/div>\n\t\t\t\t<div class=\"elementor-element elementor-element-3efc4d8 elementor-widget__width-initial elementor-widget elementor-widget-heading\" data-id=\"3efc4d8\" data-element_type=\"widget\" data-e-type=\"widget\" data-widget_type=\"heading.default\">\n\t\t\t\t\t<h2 class=\"elementor-heading-title elementor-size-default\">POR LOS PELOS HAIR SALON<\/h2>\t\t\t\t<\/div>\n\t\t\t\t<\/div>\n\t\t\t\t\t<\/div>\n\t\t\t\t<\/div>\n\t\t<div class=\"elementor-element elementor-element-eeb897d e-flex e-con-boxed elementor-invisible e-con e-parent\" data-id=\"eeb897d\" data-element_type=\"container\" data-e-type=\"container\" data-settings=\"{&quot;animation&quot;:&quot;zoomIn&quot;}\">\n\t\t\t\t\t<div class=\"e-con-inner\">\n\t\t<div class=\"elementor-element elementor-element-487ce85 e-con-full e-flex e-con e-child\" data-id=\"487ce85\" data-element_type=\"container\" data-e-type=\"container\">\n\t\t\t\t<div class=\"elementor-element elementor-element-83c2384 elementor-widget__width-initial elementor-widget elementor-widget-heading\" data-id=\"83c2384\" data-element_type=\"widget\" data-e-type=\"widget\" data-widget_type=\"heading.default\">\n\t\t\t\t\t<h2 class=\"elementor-heading-title elementor-size-default\">About Us<\/h2>\t\t\t\t<\/div>\n\t\t\t\t<div class=\"elementor-element elementor-element-fefcc86 elementor-widget elementor-widget-text-editor\" data-id=\"fefcc86\" data-element_type=\"widget\" data-e-type=\"widget\" data-widget_type=\"text-editor.default\">\n\t\t\t\t\t\t\t\t\t<p data-start=\"250\" data-end=\"541\">For 32 years, our hair salon has been synonymous with professionalism, experience, and a passion for hair. Throughout these decades, we have served generations of clients, evolving with trends while never losing the essence of a friendly and personalized service.<\/p><p data-start=\"543\" data-end=\"866\">We believe that every person is unique, which is why we dedicate the necessary time to understanding what you're looking for and offering you a result that enhances your style and personality. We work with up-to-date techniques, high-quality products, and a professional team that is constantly training to guarantee the best possible finish every time.<\/p><p data-start=\"868\" data-end=\"1010\">More than just a hair salon, we are a trusted space where you can feel comfortable, receive expert advice, and be in good hands.<br data-start=\"973\" data-end=\"976\" \/>Your image is our calling.<\/p>\t\t\t\t\t\t\t\t<\/div>\n\t\t\t\t<\/div>\n\t\t<div class=\"elementor-element elementor-element-2c541ea e-con-full e-flex e-con e-child\" data-id=\"2c541ea\" data-element_type=\"container\" data-e-type=\"container\">\n\t\t\t\t<div class=\"elementor-element elementor-element-c192342 elementor-widget elementor-widget-image\" data-id=\"c192342\" data-element_type=\"widget\" data-e-type=\"widget\" data-widget_type=\"image.default\">\n\t\t\t\t\t\t\t\t\t\t\t\t\t\t\t<img fetchpriority=\"high\" decoding=\"async\" width=\"1320\" height=\"1752\" src=\"https:\/\/marporlospelos.com\/wp-content\/uploads\/2026\/01\/f2e032a0-17e5-42c1-bb77-804b1fd22e97-1_all_8436.jpg\" class=\"attachment-full size-full wp-image-376\" alt=\"\" srcset=\"https:\/\/marporlospelos.com\/wp-content\/uploads\/2026\/01\/f2e032a0-17e5-42c1-bb77-804b1fd22e97-1_all_8436.jpg 1320w, https:\/\/marporlospelos.com\/wp-content\/uploads\/2026\/01\/f2e032a0-17e5-42c1-bb77-804b1fd22e97-1_all_8436-226x300.jpg 226w, https:\/\/marporlospelos.com\/wp-content\/uploads\/2026\/01\/f2e032a0-17e5-42c1-bb77-804b1fd22e97-1_all_8436-772x1024.jpg 772w, https:\/\/marporlospelos.com\/wp-content\/uploads\/2026\/01\/f2e032a0-17e5-42c1-bb77-804b1fd22e97-1_all_8436-768x1019.jpg 768w, https:\/\/marporlospelos.com\/wp-content\/uploads\/2026\/01\/f2e032a0-17e5-42c1-bb77-804b1fd22e97-1_all_8436-1157x1536.jpg 1157w, https:\/\/marporlospelos.com\/wp-content\/uploads\/2026\/01\/f2e032a0-17e5-42c1-bb77-804b1fd22e97-1_all_8436-9x12.jpg 9w\" sizes=\"(max-width: 1320px) 100vw, 1320px\" \/>\t\t\t\t\t\t\t\t\t\t\t\t\t\t\t<\/div>\n\t\t\t\t<\/div>\n\t\t\t\t\t<\/div>\n\t\t\t\t<\/div>\n\t\t<div class=\"elementor-element elementor-element-d89914f e-flex e-con-boxed elementor-invisible e-con e-parent\" data-id=\"d89914f\" data-element_type=\"container\" data-e-type=\"container\" data-settings=\"{&quot;background_background&quot;:&quot;classic&quot;,&quot;animation&quot;:&quot;fadeInUp&quot;}\">\n\t\t\t\t\t<div class=\"e-con-inner\">\n\t\t\t\t<div class=\"elementor-element elementor-element-aa63528 elementor-widget__width-initial elementor-widget elementor-widget-heading\" data-id=\"aa63528\" data-element_type=\"widget\" data-e-type=\"widget\" data-widget_type=\"heading.default\">\n\t\t\t\t\t<h2 class=\"elementor-heading-title elementor-size-default\">Explore our services and get advice from professionals\n<\/h2>\t\t\t\t<\/div>\n\t\t\t\t<div class=\"elementor-element elementor-element-240768a elementor-align-center elementor-widget elementor-widget-button\" data-id=\"240768a\" data-element_type=\"widget\" data-e-type=\"widget\" data-widget_type=\"button.default\">\n\t\t\t\t\t\t\t\t\t\t<a class=\"elementor-button elementor-button-link elementor-size-sm\" href=\"https:\/\/marporlospelos.com\/en\/servicios\/\">\n\t\t\t\t\t\t<span class=\"elementor-button-content-wrapper\">\n\t\t\t\t\t\t\t\t\t<span class=\"elementor-button-text\">Services<\/span>\n\t\t\t\t\t<\/span>\n\t\t\t\t\t<\/a>\n\t\t\t\t\t\t\t\t<\/div>\n\t\t\t\t\t<\/div>\n\t\t\t\t<\/div>\n\t\t\t\t<\/div>","protected":false},"excerpt":{"rendered":"<p>BIENVENIDOS A PELUQUER\u00cdA POR LOS PELOS Sobre nosotros Desde hace 32 a\u00f1os, nuestra peluquer\u00eda ha sido sin\u00f3nimo de profesionalidad, experiencia y pasi\u00f3n por el cabello. A lo largo de estas d\u00e9cadas hemos acompa\u00f1ado a generaciones de clientes, evolucionando con las tendencias sin perder nunca la esencia de un trato cercano y personalizado. Creemos que cada [&hellip;]<\/p>\n","protected":false},"author":1,"featured_media":0,"parent":0,"menu_order":0,"comment_status":"closed","ping_status":"closed","template":"elementor_canvas","meta":{"footnotes":""},"class_list":["post-2","page","type-page","status-publish","hentry"],"yoast_head":"<!-- This site is optimized with the Yoast SEO plugin v27.3 - https:\/\/yoast.com\/product\/yoast-seo-wordpress\/ -->\n<title>Inicio - Por Los Pelos<\/title>\n<meta name=\"robots\" content=\"index, follow, max-snippet:-1, max-image-preview:large, max-video-preview:-1\" \/>\n<link rel=\"canonical\" href=\"https:\/\/marporlospelos.com\/en\/\" \/>\n<meta property=\"og:locale\" content=\"en_US\" \/>\n<meta property=\"og:type\" content=\"article\" \/>\n<meta property=\"og:title\" content=\"Inicio - Por Los Pelos\" \/>\n<meta property=\"og:description\" content=\"BIENVENIDOS A PELUQUER\u00cdA POR LOS PELOS Sobre nosotros Desde hace 32 a\u00f1os, nuestra peluquer\u00eda ha sido sin\u00f3nimo de profesionalidad, experiencia y pasi\u00f3n por el cabello. A lo largo de estas d\u00e9cadas hemos acompa\u00f1ado a generaciones de clientes, evolucionando con las tendencias sin perder nunca la esencia de un trato cercano y personalizado. Creemos que cada [&hellip;]\" \/>\n<meta property=\"og:url\" content=\"https:\/\/marporlospelos.com\/en\/\" \/>\n<meta property=\"og:site_name\" content=\"Por Los Pelos\" \/>\n<meta property=\"article:modified_time\" content=\"2026-01-08T08:51:27+00:00\" \/>\n<meta property=\"og:image\" content=\"https:\/\/marporlospelos.com\/wp-content\/uploads\/2026\/01\/f2e032a0-17e5-42c1-bb77-804b1fd22e97-1_all_8436.jpg\" \/>\n<meta name=\"twitter:card\" content=\"summary_large_image\" \/>\n<meta name=\"twitter:label1\" content=\"Est. reading time\" \/>\n\t<meta name=\"twitter:data1\" content=\"1 minute\" \/>\n<script type=\"application\/ld+json\" class=\"yoast-schema-graph\">{\"@context\":\"https:\\\/\\\/schema.org\",\"@graph\":[{\"@type\":\"WebPage\",\"@id\":\"https:\\\/\\\/marporlospelos.com\\\/\",\"url\":\"https:\\\/\\\/marporlospelos.com\\\/\",\"name\":\"Inicio - Por Los Pelos\",\"isPartOf\":{\"@id\":\"https:\\\/\\\/marporlospelos.com\\\/#website\"},\"primaryImageOfPage\":{\"@id\":\"https:\\\/\\\/marporlospelos.com\\\/#primaryimage\"},\"image\":{\"@id\":\"https:\\\/\\\/marporlospelos.com\\\/#primaryimage\"},\"thumbnailUrl\":\"https:\\\/\\\/marporlospelos.com\\\/wp-content\\\/uploads\\\/2026\\\/01\\\/f2e032a0-17e5-42c1-bb77-804b1fd22e97-1_all_8436.jpg\",\"datePublished\":\"2025-12-30T16:59:19+00:00\",\"dateModified\":\"2026-01-08T08:51:27+00:00\",\"breadcrumb\":{\"@id\":\"https:\\\/\\\/marporlospelos.com\\\/#breadcrumb\"},\"inLanguage\":\"en-US\",\"potentialAction\":[{\"@type\":\"ReadAction\",\"target\":[\"https:\\\/\\\/marporlospelos.com\\\/\"]}]},{\"@type\":\"ImageObject\",\"inLanguage\":\"en-US\",\"@id\":\"https:\\\/\\\/marporlospelos.com\\\/#primaryimage\",\"url\":\"https:\\\/\\\/marporlospelos.com\\\/wp-content\\\/uploads\\\/2026\\\/01\\\/f2e032a0-17e5-42c1-bb77-804b1fd22e97-1_all_8436.jpg\",\"contentUrl\":\"https:\\\/\\\/marporlospelos.com\\\/wp-content\\\/uploads\\\/2026\\\/01\\\/f2e032a0-17e5-42c1-bb77-804b1fd22e97-1_all_8436.jpg\"},{\"@type\":\"BreadcrumbList\",\"@id\":\"https:\\\/\\\/marporlospelos.com\\\/#breadcrumb\",\"itemListElement\":[{\"@type\":\"ListItem\",\"position\":1,\"name\":\"Portada\",\"item\":\"https:\\\/\\\/marporlospelos.com\\\/\"},{\"@type\":\"ListItem\",\"position\":2,\"name\":\"Inicio\"}]},{\"@type\":\"WebSite\",\"@id\":\"https:\\\/\\\/marporlospelos.com\\\/#website\",\"url\":\"https:\\\/\\\/marporlospelos.com\\\/\",\"name\":\"Por Los Pelos\",\"description\":\"\",\"publisher\":{\"@id\":\"https:\\\/\\\/marporlospelos.com\\\/#organization\"},\"potentialAction\":[{\"@type\":\"SearchAction\",\"target\":{\"@type\":\"EntryPoint\",\"urlTemplate\":\"https:\\\/\\\/marporlospelos.com\\\/?s={search_term_string}\"},\"query-input\":{\"@type\":\"PropertyValueSpecification\",\"valueRequired\":true,\"valueName\":\"search_term_string\"}}],\"inLanguage\":\"en-US\"},{\"@type\":\"Organization\",\"@id\":\"https:\\\/\\\/marporlospelos.com\\\/#organization\",\"name\":\"Por Los Pelos\",\"url\":\"https:\\\/\\\/marporlospelos.com\\\/\",\"logo\":{\"@type\":\"ImageObject\",\"inLanguage\":\"en-US\",\"@id\":\"https:\\\/\\\/marporlospelos.com\\\/#\\\/schema\\\/logo\\\/image\\\/\",\"url\":\"https:\\\/\\\/marporlospelos.com\\\/wp-content\\\/uploads\\\/2025\\\/12\\\/cropped-mariadelmarblazquez202511_logo_web.png\",\"contentUrl\":\"https:\\\/\\\/marporlospelos.com\\\/wp-content\\\/uploads\\\/2025\\\/12\\\/cropped-mariadelmarblazquez202511_logo_web.png\",\"width\":1079,\"height\":757,\"caption\":\"Por Los Pelos\"},\"image\":{\"@id\":\"https:\\\/\\\/marporlospelos.com\\\/#\\\/schema\\\/logo\\\/image\\\/\"}}]}<\/script>\n<!-- \/ Yoast SEO plugin. -->","yoast_head_json":{"title":"Inicio - Por Los Pelos","robots":{"index":"index","follow":"follow","max-snippet":"max-snippet:-1","max-image-preview":"max-image-preview:large","max-video-preview":"max-video-preview:-1"},"canonical":"https:\/\/marporlospelos.com\/en\/","og_locale":"en_US","og_type":"article","og_title":"Inicio - Por Los Pelos","og_description":"BIENVENIDOS A PELUQUER\u00cdA POR LOS PELOS Sobre nosotros Desde hace 32 a\u00f1os, nuestra peluquer\u00eda ha sido sin\u00f3nimo de profesionalidad, experiencia y pasi\u00f3n por el cabello. A lo largo de estas d\u00e9cadas hemos acompa\u00f1ado a generaciones de clientes, evolucionando con las tendencias sin perder nunca la esencia de un trato cercano y personalizado. Creemos que cada [&hellip;]","og_url":"https:\/\/marporlospelos.com\/en\/","og_site_name":"Por Los Pelos","article_modified_time":"2026-01-08T08:51:27+00:00","og_image":[{"url":"https:\/\/marporlospelos.com\/wp-content\/uploads\/2026\/01\/f2e032a0-17e5-42c1-bb77-804b1fd22e97-1_all_8436.jpg","type":"","width":"","height":""}],"twitter_card":"summary_large_image","twitter_misc":{"Est. reading time":"1 minute"},"schema":{"@context":"https:\/\/schema.org","@graph":[{"@type":"WebPage","@id":"https:\/\/marporlospelos.com\/","url":"https:\/\/marporlospelos.com\/","name":"Inicio - Por Los Pelos","isPartOf":{"@id":"https:\/\/marporlospelos.com\/#website"},"primaryImageOfPage":{"@id":"https:\/\/marporlospelos.com\/#primaryimage"},"image":{"@id":"https:\/\/marporlospelos.com\/#primaryimage"},"thumbnailUrl":"https:\/\/marporlospelos.com\/wp-content\/uploads\/2026\/01\/f2e032a0-17e5-42c1-bb77-804b1fd22e97-1_all_8436.jpg","datePublished":"2025-12-30T16:59:19+00:00","dateModified":"2026-01-08T08:51:27+00:00","breadcrumb":{"@id":"https:\/\/marporlospelos.com\/#breadcrumb"},"inLanguage":"en-US","potentialAction":[{"@type":"ReadAction","target":["https:\/\/marporlospelos.com\/"]}]},{"@type":"ImageObject","inLanguage":"en-US","@id":"https:\/\/marporlospelos.com\/#primaryimage","url":"https:\/\/marporlospelos.com\/wp-content\/uploads\/2026\/01\/f2e032a0-17e5-42c1-bb77-804b1fd22e97-1_all_8436.jpg","contentUrl":"https:\/\/marporlospelos.com\/wp-content\/uploads\/2026\/01\/f2e032a0-17e5-42c1-bb77-804b1fd22e97-1_all_8436.jpg"},{"@type":"BreadcrumbList","@id":"https:\/\/marporlospelos.com\/#breadcrumb","itemListElement":[{"@type":"ListItem","position":1,"name":"Portada","item":"https:\/\/marporlospelos.com\/"},{"@type":"ListItem","position":2,"name":"Inicio"}]},{"@type":"WebSite","@id":"https:\/\/marporlospelos.com\/#website","url":"https:\/\/marporlospelos.com\/","name":"Por Los Pelos","description":"","publisher":{"@id":"https:\/\/marporlospelos.com\/#organization"},"potentialAction":[{"@type":"SearchAction","target":{"@type":"EntryPoint","urlTemplate":"https:\/\/marporlospelos.com\/?s={search_term_string}"},"query-input":{"@type":"PropertyValueSpecification","valueRequired":true,"valueName":"search_term_string"}}],"inLanguage":"en-US"},{"@type":"Organization","@id":"https:\/\/marporlospelos.com\/#organization","name":"Por Los Pelos","url":"https:\/\/marporlospelos.com\/","logo":{"@type":"ImageObject","inLanguage":"en-US","@id":"https:\/\/marporlospelos.com\/#\/schema\/logo\/image\/","url":"https:\/\/marporlospelos.com\/wp-content\/uploads\/2025\/12\/cropped-mariadelmarblazquez202511_logo_web.png","contentUrl":"https:\/\/marporlospelos.com\/wp-content\/uploads\/2025\/12\/cropped-mariadelmarblazquez202511_logo_web.png","width":1079,"height":757,"caption":"Por Los Pelos"},"image":{"@id":"https:\/\/marporlospelos.com\/#\/schema\/logo\/image\/"}}]}},"_links":{"self":[{"href":"https:\/\/marporlospelos.com\/en\/wp-json\/wp\/v2\/pages\/2","targetHints":{"allow":["GET"]}}],"collection":[{"href":"https:\/\/marporlospelos.com\/en\/wp-json\/wp\/v2\/pages"}],"about":[{"href":"https:\/\/marporlospelos.com\/en\/wp-json\/wp\/v2\/types\/page"}],"author":[{"embeddable":true,"href":"https:\/\/marporlospelos.com\/en\/wp-json\/wp\/v2\/users\/1"}],"replies":[{"embeddable":true,"href":"https:\/\/marporlospelos.com\/en\/wp-json\/wp\/v2\/comments?post=2"}],"version-history":[{"count":106,"href":"https:\/\/marporlospelos.com\/en\/wp-json\/wp\/v2\/pages\/2\/revisions"}],"predecessor-version":[{"id":379,"href":"https:\/\/marporlospelos.com\/en\/wp-json\/wp\/v2\/pages\/2\/revisions\/379"}],"wp:attachment":[{"href":"https:\/\/marporlospelos.com\/en\/wp-json\/wp\/v2\/media?parent=2"}],"curies":[{"name":"wp","href":"https:\/\/api.w.org\/{rel}","templated":true}]}}