{"id":12,"date":"2025-12-30T17:08:19","date_gmt":"2025-12-30T17:08:19","guid":{"rendered":"https:\/\/marporlospelos.rkinformatika.online\/?page_id=12"},"modified":"2026-01-08T08:53:50","modified_gmt":"2026-01-08T08:53:50","slug":"servicios","status":"publish","type":"page","link":"https:\/\/marporlospelos.com\/en\/servicios\/","title":{"rendered":"Services"},"content":{"rendered":"<div data-elementor-type=\"wp-page\" data-elementor-id=\"12\" class=\"elementor elementor-12\" data-elementor-post-type=\"page\">\n\t\t\t\t<div class=\"elementor-element elementor-element-dd110a0 e-flex e-con-boxed elementor-invisible e-con e-parent\" data-id=\"dd110a0\" data-element_type=\"container\" data-e-type=\"container\" data-settings=\"{&quot;background_background&quot;:&quot;classic&quot;,&quot;animation&quot;:&quot;fadeInDown&quot;}\">\n\t\t\t\t\t<div class=\"e-con-inner\">\n\t\t\t\t<div class=\"elementor-element elementor-element-911cec5 elementor-widget__width-initial elementor-widget elementor-widget-heading\" data-id=\"911cec5\" data-element_type=\"widget\" data-e-type=\"widget\" data-widget_type=\"heading.default\">\n\t\t\t\t\t<h2 class=\"elementor-heading-title elementor-size-default\">Servicios de calidad, resultados que enamoran<\/h2>\t\t\t\t<\/div>\n\t\t\t\t\t<\/div>\n\t\t\t\t<\/div>\n\t\t<div class=\"elementor-element elementor-element-4fa1618 e-flex e-con-boxed e-con e-parent\" data-id=\"4fa1618\" data-element_type=\"container\" data-e-type=\"container\">\n\t\t\t\t\t<div class=\"e-con-inner\">\n\t\t<div class=\"elementor-element elementor-element-129908a e-con-full e-flex e-con e-child\" data-id=\"129908a\" data-element_type=\"container\" data-e-type=\"container\">\n\t\t\t\t<div class=\"elementor-element elementor-element-0461ad4 elementor-invisible elementor-widget elementor-widget-image\" data-id=\"0461ad4\" data-element_type=\"widget\" data-e-type=\"widget\" data-settings=\"{&quot;_animation&quot;:&quot;zoomIn&quot;}\" data-widget_type=\"image.default\">\n\t\t\t\t\t\t\t\t\t\t\t\t\t\t\t<img fetchpriority=\"high\" decoding=\"async\" width=\"1320\" height=\"1727\" src=\"https:\/\/marporlospelos.com\/wp-content\/uploads\/2026\/01\/f2e032a0-17e5-42c1-bb77-804b1fd22e97-1_all_8438.jpg\" class=\"attachment-full size-full wp-image-374\" alt=\"\" srcset=\"https:\/\/marporlospelos.com\/wp-content\/uploads\/2026\/01\/f2e032a0-17e5-42c1-bb77-804b1fd22e97-1_all_8438.jpg 1320w, https:\/\/marporlospelos.com\/wp-content\/uploads\/2026\/01\/f2e032a0-17e5-42c1-bb77-804b1fd22e97-1_all_8438-229x300.jpg 229w, https:\/\/marporlospelos.com\/wp-content\/uploads\/2026\/01\/f2e032a0-17e5-42c1-bb77-804b1fd22e97-1_all_8438-783x1024.jpg 783w, https:\/\/marporlospelos.com\/wp-content\/uploads\/2026\/01\/f2e032a0-17e5-42c1-bb77-804b1fd22e97-1_all_8438-768x1005.jpg 768w, https:\/\/marporlospelos.com\/wp-content\/uploads\/2026\/01\/f2e032a0-17e5-42c1-bb77-804b1fd22e97-1_all_8438-1174x1536.jpg 1174w, https:\/\/marporlospelos.com\/wp-content\/uploads\/2026\/01\/f2e032a0-17e5-42c1-bb77-804b1fd22e97-1_all_8438-9x12.jpg 9w\" sizes=\"(max-width: 1320px) 100vw, 1320px\" \/>\t\t\t\t\t\t\t\t\t\t\t\t\t\t\t<\/div>\n\t\t\t\t<div class=\"elementor-element elementor-element-98807f4 elementor-widget elementor-widget-heading\" data-id=\"98807f4\" data-element_type=\"widget\" data-e-type=\"widget\" data-widget_type=\"heading.default\">\n\t\t\t\t\t<h2 class=\"elementor-heading-title elementor-size-default\">CORTE<\/h2>\t\t\t\t<\/div>\n\t\t\t\t<div class=\"elementor-element elementor-element-c8d20cb elementor-widget elementor-widget-text-editor\" data-id=\"c8d20cb\" data-element_type=\"widget\" data-e-type=\"widget\" data-widget_type=\"text-editor.default\">\n\t\t\t\t\t\t\t\t\t<p data-start=\"540\" data-end=\"870\">Un buen corte no solo cambia tu apariencia, cambia tu actitud. Nuestros estilistas crean cortes personalizados que se adaptan a tu rostro, estilo de vida y personalidad. Precisi\u00f3n, creatividad y cuidado en cada detalle para que salgas del sal\u00f3n sinti\u00e9ndote renovada y segura de ti misma.<\/p>\t\t\t\t\t\t\t\t<\/div>\n\t\t\t\t<\/div>\n\t\t<div class=\"elementor-element elementor-element-e3e9630 e-con-full e-flex e-con e-child\" data-id=\"e3e9630\" data-element_type=\"container\" data-e-type=\"container\">\n\t\t\t\t<div class=\"elementor-element elementor-element-e68f9da elementor-invisible elementor-widget elementor-widget-image\" data-id=\"e68f9da\" data-element_type=\"widget\" data-e-type=\"widget\" data-settings=\"{&quot;_animation&quot;:&quot;zoomIn&quot;}\" data-widget_type=\"image.default\">\n\t\t\t\t\t\t\t\t\t\t\t\t\t\t\t<img decoding=\"async\" width=\"1320\" height=\"1726\" src=\"https:\/\/marporlospelos.com\/wp-content\/uploads\/2026\/01\/f2e032a0-17e5-42c1-bb77-804b1fd22e97-1_all_8435-e1767862409690.jpg\" class=\"attachment-full size-full wp-image-375\" alt=\"\" srcset=\"https:\/\/marporlospelos.com\/wp-content\/uploads\/2026\/01\/f2e032a0-17e5-42c1-bb77-804b1fd22e97-1_all_8435-e1767862409690.jpg 1320w, https:\/\/marporlospelos.com\/wp-content\/uploads\/2026\/01\/f2e032a0-17e5-42c1-bb77-804b1fd22e97-1_all_8435-e1767862409690-229x300.jpg 229w, https:\/\/marporlospelos.com\/wp-content\/uploads\/2026\/01\/f2e032a0-17e5-42c1-bb77-804b1fd22e97-1_all_8435-e1767862409690-783x1024.jpg 783w, https:\/\/marporlospelos.com\/wp-content\/uploads\/2026\/01\/f2e032a0-17e5-42c1-bb77-804b1fd22e97-1_all_8435-e1767862409690-768x1004.jpg 768w, https:\/\/marporlospelos.com\/wp-content\/uploads\/2026\/01\/f2e032a0-17e5-42c1-bb77-804b1fd22e97-1_all_8435-e1767862409690-1175x1536.jpg 1175w, https:\/\/marporlospelos.com\/wp-content\/uploads\/2026\/01\/f2e032a0-17e5-42c1-bb77-804b1fd22e97-1_all_8435-e1767862409690-9x12.jpg 9w\" sizes=\"(max-width: 1320px) 100vw, 1320px\" \/>\t\t\t\t\t\t\t\t\t\t\t\t\t\t\t<\/div>\n\t\t\t\t<div class=\"elementor-element elementor-element-76bf653 elementor-widget elementor-widget-heading\" data-id=\"76bf653\" data-element_type=\"widget\" data-e-type=\"widget\" data-widget_type=\"heading.default\">\n\t\t\t\t\t<h2 class=\"elementor-heading-title elementor-size-default\">COLOR<\/h2>\t\t\t\t<\/div>\n\t\t\t\t<div class=\"elementor-element elementor-element-a0277c8 elementor-widget elementor-widget-text-editor\" data-id=\"a0277c8\" data-element_type=\"widget\" data-e-type=\"widget\" data-widget_type=\"text-editor.default\">\n\t\t\t\t\t\t\t\t\t<p data-start=\"189\" data-end=\"519\">Nuestro servicio de color va m\u00e1s all\u00e1 de un simple tinte: cuidamos tu cabello mientras transformamos tu estilo. Desde reflejos sutiles hasta cambios audaces, cada tonalidad est\u00e1 pensada para resaltar tu personalidad y tu belleza natural. \u00a1Atr\u00e9vete a brillar con un look que hable de ti!<\/p>\t\t\t\t\t\t\t\t<\/div>\n\t\t\t\t<\/div>\n\t\t<div class=\"elementor-element elementor-element-7523ba5 e-con-full e-flex e-con e-child\" data-id=\"7523ba5\" data-element_type=\"container\" data-e-type=\"container\">\n\t\t\t\t<div class=\"elementor-element elementor-element-4cc2801 elementor-invisible elementor-widget elementor-widget-image\" data-id=\"4cc2801\" data-element_type=\"widget\" data-e-type=\"widget\" data-settings=\"{&quot;_animation&quot;:&quot;zoomIn&quot;}\" data-widget_type=\"image.default\">\n\t\t\t\t\t\t\t\t\t\t\t\t\t\t\t<img decoding=\"async\" width=\"771\" height=\"1024\" src=\"https:\/\/marporlospelos.com\/wp-content\/uploads\/2026\/01\/f2e032a0-17e5-42c1-bb77-804b1fd22e97-1_all_8437-771x1024.jpg\" class=\"attachment-large size-large wp-image-373\" alt=\"\" srcset=\"https:\/\/marporlospelos.com\/wp-content\/uploads\/2026\/01\/f2e032a0-17e5-42c1-bb77-804b1fd22e97-1_all_8437-771x1024.jpg 771w, https:\/\/marporlospelos.com\/wp-content\/uploads\/2026\/01\/f2e032a0-17e5-42c1-bb77-804b1fd22e97-1_all_8437-226x300.jpg 226w, https:\/\/marporlospelos.com\/wp-content\/uploads\/2026\/01\/f2e032a0-17e5-42c1-bb77-804b1fd22e97-1_all_8437-768x1020.jpg 768w, https:\/\/marporlospelos.com\/wp-content\/uploads\/2026\/01\/f2e032a0-17e5-42c1-bb77-804b1fd22e97-1_all_8437-1157x1536.jpg 1157w, https:\/\/marporlospelos.com\/wp-content\/uploads\/2026\/01\/f2e032a0-17e5-42c1-bb77-804b1fd22e97-1_all_8437-9x12.jpg 9w, https:\/\/marporlospelos.com\/wp-content\/uploads\/2026\/01\/f2e032a0-17e5-42c1-bb77-804b1fd22e97-1_all_8437.jpg 1320w\" sizes=\"(max-width: 771px) 100vw, 771px\" \/>\t\t\t\t\t\t\t\t\t\t\t\t\t\t\t<\/div>\n\t\t\t\t<div class=\"elementor-element elementor-element-2e8026b elementor-widget__width-initial elementor-widget elementor-widget-heading\" data-id=\"2e8026b\" data-element_type=\"widget\" data-e-type=\"widget\" data-widget_type=\"heading.default\">\n\t\t\t\t\t<h2 class=\"elementor-heading-title elementor-size-default\">PEINADOS<\/h2>\t\t\t\t<\/div>\n\t\t\t\t<div class=\"elementor-element elementor-element-1e27315 elementor-widget elementor-widget-text-editor\" data-id=\"1e27315\" data-element_type=\"widget\" data-e-type=\"widget\" data-widget_type=\"text-editor.default\">\n\t\t\t\t\t\t\t\t\t<p>Luce un estilo impecable para cualquier ocasi\u00f3n. Creamos peinados modernos, elegantes o personalizados que realzan tu belleza y reflejan tu personalidad, cuidando siempre la salud de tu cabello.<\/p>\t\t\t\t\t\t\t\t<\/div>\n\t\t\t\t<\/div>\n\t\t\t\t\t<\/div>\n\t\t\t\t<\/div>\n\t\t<div class=\"elementor-element elementor-element-5f1857e e-flex e-con-boxed elementor-invisible e-con e-parent\" data-id=\"5f1857e\" data-element_type=\"container\" data-e-type=\"container\" data-settings=\"{&quot;background_background&quot;:&quot;classic&quot;,&quot;animation&quot;:&quot;fadeInUp&quot;}\">\n\t\t\t\t\t<div class=\"e-con-inner\">\n\t\t\t\t<div class=\"elementor-element elementor-element-03758ec elementor-widget__width-initial elementor-widget elementor-widget-heading\" data-id=\"03758ec\" data-element_type=\"widget\" data-e-type=\"widget\" data-widget_type=\"heading.default\">\n\t\t\t\t\t<h2 class=\"elementor-heading-title elementor-size-default\">Tendencias, t\u00e9cnica y cuidado en un solo lugar<\/h2>\t\t\t\t<\/div>\n\t\t\t\t<div class=\"elementor-element elementor-element-19b6168 elementor-align-center elementor-widget elementor-widget-button\" data-id=\"19b6168\" data-element_type=\"widget\" data-e-type=\"widget\" data-widget_type=\"button.default\">\n\t\t\t\t\t\t\t\t\t\t<a class=\"elementor-button elementor-button-link elementor-size-sm\" href=\"https:\/\/marporlospelos.com\/en\/contacto\/\">\n\t\t\t\t\t\t<span class=\"elementor-button-content-wrapper\">\n\t\t\t\t\t\t\t\t\t<span class=\"elementor-button-text\">Contact<\/span>\n\t\t\t\t\t<\/span>\n\t\t\t\t\t<\/a>\n\t\t\t\t\t\t\t\t<\/div>\n\t\t\t\t\t<\/div>\n\t\t\t\t<\/div>\n\t\t\t\t<\/div>","protected":false},"excerpt":{"rendered":"<p>Servicios de calidad, resultados que enamoran CORTE Un buen corte no solo cambia tu apariencia, cambia tu actitud. Nuestros estilistas crean cortes personalizados que se adaptan a tu rostro, estilo de vida y personalidad. Precisi\u00f3n, creatividad y cuidado en cada detalle para que salgas del sal\u00f3n sinti\u00e9ndote renovada y segura de ti misma. COLOR Nuestro [&hellip;]<\/p>\n","protected":false},"author":1,"featured_media":0,"parent":0,"menu_order":0,"comment_status":"closed","ping_status":"closed","template":"elementor_canvas","meta":{"footnotes":""},"class_list":["post-12","page","type-page","status-publish","hentry"],"yoast_head":"<!-- This site is optimized with the Yoast SEO plugin v27.3 - https:\/\/yoast.com\/product\/yoast-seo-wordpress\/ -->\n<title>Servicios - Por Los Pelos<\/title>\n<meta name=\"robots\" content=\"index, follow, max-snippet:-1, max-image-preview:large, max-video-preview:-1\" \/>\n<link rel=\"canonical\" href=\"https:\/\/marporlospelos.com\/en\/servicios\/\" \/>\n<meta property=\"og:locale\" content=\"en_US\" \/>\n<meta property=\"og:type\" content=\"article\" \/>\n<meta property=\"og:title\" content=\"Servicios - Por Los Pelos\" \/>\n<meta property=\"og:description\" content=\"Servicios de calidad, resultados que enamoran CORTE Un buen corte no solo cambia tu apariencia, cambia tu actitud. Nuestros estilistas crean cortes personalizados que se adaptan a tu rostro, estilo de vida y personalidad. Precisi\u00f3n, creatividad y cuidado en cada detalle para que salgas del sal\u00f3n sinti\u00e9ndote renovada y segura de ti misma. COLOR Nuestro [&hellip;]\" \/>\n<meta property=\"og:url\" content=\"https:\/\/marporlospelos.com\/en\/servicios\/\" \/>\n<meta property=\"og:site_name\" content=\"Por Los Pelos\" \/>\n<meta property=\"article:modified_time\" content=\"2026-01-08T08:53:50+00:00\" \/>\n<meta property=\"og:image\" content=\"https:\/\/marporlospelos.com\/wp-content\/uploads\/2026\/01\/f2e032a0-17e5-42c1-bb77-804b1fd22e97-1_all_8438.jpg\" \/>\n<meta name=\"twitter:card\" content=\"summary_large_image\" \/>\n<meta name=\"twitter:label1\" content=\"Est. reading time\" \/>\n\t<meta name=\"twitter:data1\" content=\"1 minute\" \/>\n<script type=\"application\/ld+json\" class=\"yoast-schema-graph\">{\"@context\":\"https:\\\/\\\/schema.org\",\"@graph\":[{\"@type\":\"WebPage\",\"@id\":\"https:\\\/\\\/marporlospelos.com\\\/servicios\\\/\",\"url\":\"https:\\\/\\\/marporlospelos.com\\\/servicios\\\/\",\"name\":\"Servicios - Por Los Pelos\",\"isPartOf\":{\"@id\":\"https:\\\/\\\/marporlospelos.com\\\/#website\"},\"primaryImageOfPage\":{\"@id\":\"https:\\\/\\\/marporlospelos.com\\\/servicios\\\/#primaryimage\"},\"image\":{\"@id\":\"https:\\\/\\\/marporlospelos.com\\\/servicios\\\/#primaryimage\"},\"thumbnailUrl\":\"https:\\\/\\\/marporlospelos.com\\\/wp-content\\\/uploads\\\/2026\\\/01\\\/f2e032a0-17e5-42c1-bb77-804b1fd22e97-1_all_8438.jpg\",\"datePublished\":\"2025-12-30T17:08:19+00:00\",\"dateModified\":\"2026-01-08T08:53:50+00:00\",\"breadcrumb\":{\"@id\":\"https:\\\/\\\/marporlospelos.com\\\/servicios\\\/#breadcrumb\"},\"inLanguage\":\"en-US\",\"potentialAction\":[{\"@type\":\"ReadAction\",\"target\":[\"https:\\\/\\\/marporlospelos.com\\\/servicios\\\/\"]}]},{\"@type\":\"ImageObject\",\"inLanguage\":\"en-US\",\"@id\":\"https:\\\/\\\/marporlospelos.com\\\/servicios\\\/#primaryimage\",\"url\":\"https:\\\/\\\/marporlospelos.com\\\/wp-content\\\/uploads\\\/2026\\\/01\\\/f2e032a0-17e5-42c1-bb77-804b1fd22e97-1_all_8438.jpg\",\"contentUrl\":\"https:\\\/\\\/marporlospelos.com\\\/wp-content\\\/uploads\\\/2026\\\/01\\\/f2e032a0-17e5-42c1-bb77-804b1fd22e97-1_all_8438.jpg\"},{\"@type\":\"BreadcrumbList\",\"@id\":\"https:\\\/\\\/marporlospelos.com\\\/servicios\\\/#breadcrumb\",\"itemListElement\":[{\"@type\":\"ListItem\",\"position\":1,\"name\":\"Portada\",\"item\":\"https:\\\/\\\/marporlospelos.com\\\/\"},{\"@type\":\"ListItem\",\"position\":2,\"name\":\"Servicios\"}]},{\"@type\":\"WebSite\",\"@id\":\"https:\\\/\\\/marporlospelos.com\\\/#website\",\"url\":\"https:\\\/\\\/marporlospelos.com\\\/\",\"name\":\"Por Los Pelos\",\"description\":\"\",\"publisher\":{\"@id\":\"https:\\\/\\\/marporlospelos.com\\\/#organization\"},\"potentialAction\":[{\"@type\":\"SearchAction\",\"target\":{\"@type\":\"EntryPoint\",\"urlTemplate\":\"https:\\\/\\\/marporlospelos.com\\\/?s={search_term_string}\"},\"query-input\":{\"@type\":\"PropertyValueSpecification\",\"valueRequired\":true,\"valueName\":\"search_term_string\"}}],\"inLanguage\":\"en-US\"},{\"@type\":\"Organization\",\"@id\":\"https:\\\/\\\/marporlospelos.com\\\/#organization\",\"name\":\"Por Los Pelos\",\"url\":\"https:\\\/\\\/marporlospelos.com\\\/\",\"logo\":{\"@type\":\"ImageObject\",\"inLanguage\":\"en-US\",\"@id\":\"https:\\\/\\\/marporlospelos.com\\\/#\\\/schema\\\/logo\\\/image\\\/\",\"url\":\"https:\\\/\\\/marporlospelos.com\\\/wp-content\\\/uploads\\\/2025\\\/12\\\/cropped-mariadelmarblazquez202511_logo_web.png\",\"contentUrl\":\"https:\\\/\\\/marporlospelos.com\\\/wp-content\\\/uploads\\\/2025\\\/12\\\/cropped-mariadelmarblazquez202511_logo_web.png\",\"width\":1079,\"height\":757,\"caption\":\"Por Los Pelos\"},\"image\":{\"@id\":\"https:\\\/\\\/marporlospelos.com\\\/#\\\/schema\\\/logo\\\/image\\\/\"}}]}<\/script>\n<!-- \/ Yoast SEO plugin. -->","yoast_head_json":{"title":"Servicios - Por Los Pelos","robots":{"index":"index","follow":"follow","max-snippet":"max-snippet:-1","max-image-preview":"max-image-preview:large","max-video-preview":"max-video-preview:-1"},"canonical":"https:\/\/marporlospelos.com\/en\/servicios\/","og_locale":"en_US","og_type":"article","og_title":"Servicios - Por Los Pelos","og_description":"Servicios de calidad, resultados que enamoran CORTE Un buen corte no solo cambia tu apariencia, cambia tu actitud. Nuestros estilistas crean cortes personalizados que se adaptan a tu rostro, estilo de vida y personalidad. Precisi\u00f3n, creatividad y cuidado en cada detalle para que salgas del sal\u00f3n sinti\u00e9ndote renovada y segura de ti misma. COLOR Nuestro [&hellip;]","og_url":"https:\/\/marporlospelos.com\/en\/servicios\/","og_site_name":"Por Los Pelos","article_modified_time":"2026-01-08T08:53:50+00:00","og_image":[{"url":"https:\/\/marporlospelos.com\/wp-content\/uploads\/2026\/01\/f2e032a0-17e5-42c1-bb77-804b1fd22e97-1_all_8438.jpg","type":"","width":"","height":""}],"twitter_card":"summary_large_image","twitter_misc":{"Est. reading time":"1 minute"},"schema":{"@context":"https:\/\/schema.org","@graph":[{"@type":"WebPage","@id":"https:\/\/marporlospelos.com\/servicios\/","url":"https:\/\/marporlospelos.com\/servicios\/","name":"Servicios - Por Los Pelos","isPartOf":{"@id":"https:\/\/marporlospelos.com\/#website"},"primaryImageOfPage":{"@id":"https:\/\/marporlospelos.com\/servicios\/#primaryimage"},"image":{"@id":"https:\/\/marporlospelos.com\/servicios\/#primaryimage"},"thumbnailUrl":"https:\/\/marporlospelos.com\/wp-content\/uploads\/2026\/01\/f2e032a0-17e5-42c1-bb77-804b1fd22e97-1_all_8438.jpg","datePublished":"2025-12-30T17:08:19+00:00","dateModified":"2026-01-08T08:53:50+00:00","breadcrumb":{"@id":"https:\/\/marporlospelos.com\/servicios\/#breadcrumb"},"inLanguage":"en-US","potentialAction":[{"@type":"ReadAction","target":["https:\/\/marporlospelos.com\/servicios\/"]}]},{"@type":"ImageObject","inLanguage":"en-US","@id":"https:\/\/marporlospelos.com\/servicios\/#primaryimage","url":"https:\/\/marporlospelos.com\/wp-content\/uploads\/2026\/01\/f2e032a0-17e5-42c1-bb77-804b1fd22e97-1_all_8438.jpg","contentUrl":"https:\/\/marporlospelos.com\/wp-content\/uploads\/2026\/01\/f2e032a0-17e5-42c1-bb77-804b1fd22e97-1_all_8438.jpg"},{"@type":"BreadcrumbList","@id":"https:\/\/marporlospelos.com\/servicios\/#breadcrumb","itemListElement":[{"@type":"ListItem","position":1,"name":"Portada","item":"https:\/\/marporlospelos.com\/"},{"@type":"ListItem","position":2,"name":"Servicios"}]},{"@type":"WebSite","@id":"https:\/\/marporlospelos.com\/#website","url":"https:\/\/marporlospelos.com\/","name":"Por Los Pelos","description":"","publisher":{"@id":"https:\/\/marporlospelos.com\/#organization"},"potentialAction":[{"@type":"SearchAction","target":{"@type":"EntryPoint","urlTemplate":"https:\/\/marporlospelos.com\/?s={search_term_string}"},"query-input":{"@type":"PropertyValueSpecification","valueRequired":true,"valueName":"search_term_string"}}],"inLanguage":"en-US"},{"@type":"Organization","@id":"https:\/\/marporlospelos.com\/#organization","name":"Por Los Pelos","url":"https:\/\/marporlospelos.com\/","logo":{"@type":"ImageObject","inLanguage":"en-US","@id":"https:\/\/marporlospelos.com\/#\/schema\/logo\/image\/","url":"https:\/\/marporlospelos.com\/wp-content\/uploads\/2025\/12\/cropped-mariadelmarblazquez202511_logo_web.png","contentUrl":"https:\/\/marporlospelos.com\/wp-content\/uploads\/2025\/12\/cropped-mariadelmarblazquez202511_logo_web.png","width":1079,"height":757,"caption":"Por Los Pelos"},"image":{"@id":"https:\/\/marporlospelos.com\/#\/schema\/logo\/image\/"}}]}},"_links":{"self":[{"href":"https:\/\/marporlospelos.com\/en\/wp-json\/wp\/v2\/pages\/12","targetHints":{"allow":["GET"]}}],"collection":[{"href":"https:\/\/marporlospelos.com\/en\/wp-json\/wp\/v2\/pages"}],"about":[{"href":"https:\/\/marporlospelos.com\/en\/wp-json\/wp\/v2\/types\/page"}],"author":[{"embeddable":true,"href":"https:\/\/marporlospelos.com\/en\/wp-json\/wp\/v2\/users\/1"}],"replies":[{"embeddable":true,"href":"https:\/\/marporlospelos.com\/en\/wp-json\/wp\/v2\/comments?post=12"}],"version-history":[{"count":67,"href":"https:\/\/marporlospelos.com\/en\/wp-json\/wp\/v2\/pages\/12\/revisions"}],"predecessor-version":[{"id":382,"href":"https:\/\/marporlospelos.com\/en\/wp-json\/wp\/v2\/pages\/12\/revisions\/382"}],"wp:attachment":[{"href":"https:\/\/marporlospelos.com\/en\/wp-json\/wp\/v2\/media?parent=12"}],"curies":[{"name":"wp","href":"https:\/\/api.w.org\/{rel}","templated":true}]}}